{"id":1867,"date":"2025-12-05T11:03:34","date_gmt":"2025-12-05T10:03:34","guid":{"rendered":"https:\/\/great-villani.92-205-165-115.plesk.page\/?page_id=1867"},"modified":"2026-02-20T16:00:34","modified_gmt":"2026-02-20T15:00:34","slug":"uebersetzungsagentur-genf","status":"publish","type":"page","link":"https:\/\/www.diction.ch\/en\/uebersetzungsagentur-genf\/","title":{"rendered":"\u00dcbersetzungsagentur Genf"},"content":{"rendered":"<h2>Plan. Create. Automate.<\/h2>\n<h1>\u00dcbersetzungen (mit oder ohne AI) gesucht? Verlass dich auf unser \u00dcbersetzungsb\u00fcro Genf<\/h1>\n<div>\n<p>Diction ist ein international agierender Schweizer Sprachdienstleister. Mit Automatisierungsl\u00f6sungen wie KI-\u00dcbersetzung, Auftragsportal, Connector, Terminologie-Tool und mehr bedient unsere \u00dcbersetzungsagentur Genf und viele andere Schweizer Regionen seit \u00fcber 20 Jahren.<\/p>\n<\/div>\n<h2>ISO-zertifizierte Sprachdienstleistungen im \u00dcbersetzungsb\u00fcro Genf \u2013 Schnell, effektiv, gut<\/h2>\n<div>\n<p>Bei uns findest du interne \u00dcbersetzerinnen, Lektoren, Texterinnen und Sprachtechnologen, die auch bei engen Deadlines oder grossem Volumen immer f\u00fcr dich da sind.<\/p>\n<p>Wir stellen sicher, dass du in genau deiner gew\u00fcnschten Sprache und f\u00fcr deinen Fachtext beste Resultate erh\u00e4ltst. Schnell, effektiv und hochwertig! Nicht zuletzt durch unsere <a href=\"\/trust-center\/\" target=\"_blank\" style=\"text-decoration: underline;\" rel=\"noopener\">Zertifizierungen<\/a> nach ISO 17100, ISO 18587, ISO 27001 und ISO 9001 setzen wir bei jedem Auftrag hohe Massst\u00e4be an uns selbst \u2013 sei es f\u00fcr die \u00dcbersetzung eures Gesch\u00e4ftsberichts, eine beglaubigte \u00dcbersetzung, eine gut getextete Marketingbrosch\u00fcre, Audio-Video-Lokalisierung oder vieles mehr.<\/p>\n<p>Probiere uns bei deinem n\u00e4chsten Projekt einfach mal aus!<\/p>\n<\/div>\n<h2>Experte<\/h2>\n<h3>\u00dcbersetzungen in Genf gesucht? Wir sind f\u00fcr dich da!<\/h3>\n<div>\n<p>Hast du Fragen zu deinem n\u00e4chsten \u00dcbersetzungsprojekt? Adrian Haefelin, CEO, ber\u00e4t dich gerne und unterst\u00fctzt dich dabei, deine Sprachprozesse und Ergebnisse zu optimieren.<\/p>\n<p><a href=\"mailto:beratung@diction.ch\">beratung@diction.ch<\/a><br \/>+41 81 750 53 33<\/p>\n<\/div>\n<p><img decoding=\"async\" src=\"\/wp-content\/uploads\/2025\/12\/00_diction_Adrian-Haefelin.jpg\" alt=\"\"><\/p>\n<h2>\u00dcbersetzungsb\u00fcro Genf: Dein Fachgebiet, deine Textsorte<\/h2>\n<div>\n<p>Nutze das fachliche Know-how unserer Expert:innen. Ob Lektorat, \u00dcbersetzung, Texten (auch in einfacher Sprache), Post-Editing und mehr \u2013 wir sind in genau deiner Branche, in deinem Fachgebiet und in jeder sprachlichen Region unterwegs. So deckt unsere \u00dcbersetzungsagentur Genf sowie alle anderen Schweizer Orte ab.<\/p>\n<\/div>\n<ul>\n<li>\n<h3>Corporate Reporting<\/h3>\n<div>\n<p>Lektorat und \u00dcbersetzung Gesch\u00e4ftsbericht, auf Wunsch auch mit Tools wie ns.publish.<\/p>\n<\/div>\n<\/li>\n<li>\n<h3>Compliance-Dokumente<\/h3>\n<div>\n<p>Handb\u00fccher, Reglemente, Weisungen (inklusive QI-, FATCA- und AIA-Themen) und mehr.<\/p>\n<\/div>\n<\/li>\n<li>\n<h3>Post-Editing<\/h3>\n<div>\n<p>ISO-zertifizierte Korrektur und Optimierung von mit KI \u00fcbersetzen Texten durch unsere Profis.<\/p>\n<\/div>\n<\/li>\n<li>\n<h3>Einfache Sprache<\/h3>\n<div>\n<p>Vereinfachung von Texten auf B1-Niveau; wir sind Mitglied der Plain Language Association.<\/p>\n<\/div>\n<\/li>\n<li>\n<h3>Uhrenindustrie und Luxusg\u00fcter<\/h3>\n<div>\n<p>Brosch\u00fcren, Kataloge, Websites, PR f\u00fcr die Uhren- und Luxusindustrie; auf Wunsch mit Layout.<\/p>\n<\/div>\n<\/li>\n<li>\n<h3>Bildungswesen<\/h3>\n<div>\n<p>\u00dcbersetzung und Lektorat von Lehrpl\u00e4nen, Pr\u00fcfungsfragen, Qualifikationsprofilen und mehr.<\/p>\n<\/div>\n<\/li>\n<\/ul>\n<h2>Welche Technologien und L\u00f6sungen passen zu deinem Unternehmen?<\/h2>\n<div>\n<p>Diction ist ber\u00fchmt-ber\u00fcchtigt f\u00fcr penible \u00dcbersetzungen und schnellen Service. Zudem halten wir aktuelle L\u00f6sungen, Technologien sowie effektives Qualit\u00e4tsmanagement f\u00fcr dich bereit. Alle Prozesse und Abl\u00e4ufe sind bei uns effektiv geregelt und transparent dokumentiert.<\/p>\n<h3>Diction-AI f\u00fcr schnelle, gute KI-\u00dcbersetzungen<\/h3>\n<p>Wenn du dich f\u00fcr KI-Einbindung interessierst, schau dir mal unsere <a href=\"\/so-arbeiten-wir\/plan\/terminologie\/\" target=\"_blank\" style=\"text-decoration: underline;\" rel=\"noopener\">Diction-AI<\/a> genauer an. Dieses \u00dcbersetzungstool trainieren wir auf eure Corporate Language und euren Fachwortschatz. Durch Selbstbedienung und API-Integration sparst du Zeit und Aufwand. Und auf Wunsch bekommst du mit einem simplen Mausklick noch ein Post-Editing dazu. Denn neben AI hat unser \u00dcbersetzungsb\u00fcro f\u00fcr Genf nat\u00fcrlich auch menschliche Sprachprofis an Bord. Das Sicherheitsplus: Deine Information werden absolut datensicher in der Schweiz verwaltet \u2013 anders als bei den \u00fcblichen generischen Blackbox-L\u00f6sungen. <\/p>\n<p>Lass dir Diction-AI ganz unverbindlich uns kostenlos zeigen, wir freuen uns auf dich!<\/p>\n<\/div>\n<p><!--more--><br \/>\n<!-- {\"type\":\"layout\",\"children\":[{\"type\":\"section\",\"props\":{\"image_position\":\"center-center\",\"style\":\"default\",\"title_breakpoint\":\"xl\",\"title_position\":\"top-left\",\"title_rotation\":\"left\",\"vertical_align\":\"middle\",\"width\":\"default\"},\"children\":[{\"type\":\"row\",\"children\":[{\"type\":\"column\",\"props\":{\"image_position\":\"center-center\",\"position_sticky_breakpoint\":\"m\"},\"children\":[{\"type\":\"headline\",\"props\":{\"content\":\"Plan. Create. Automate.\",\"css\":\".el-element {\\ntext-transform:uppercase;\\n    font-size:20px;\\n    font-weight:400;\\n}\",\"text_align\":\"center\",\"title_color\":\"primary\",\"title_element\":\"h2\"}},{\"type\":\"headline\",\"props\":{\"content\":\"\\u00dcbersetzungen (mit oder ohne AI) gesucht? Verlass dich auf unser \\u00dcbersetzungsb\\u00fcro Genf\",\"css\":\".el-element {\\ntext-transform:uppercase;\\n    font-size:32px;\\n}\",\"margin_remove_top\":true,\"text_align\":\"center\",\"title_element\":\"h1\"}},{\"type\":\"text\",\"props\":{\"column_breakpoint\":\"m\",\"content\":\"\n\n<p>Diction ist ein international agierender Schweizer Sprachdienstleister. Mit Automatisierungsl\\u00f6sungen wie KI-\\u00dcbersetzung, Auftragsportal, Connector, Terminologie-Tool und mehr bedient unsere \\u00dcbersetzungsagentur Genf und viele andere Schweizer Regionen seit \\u00fcber 20 Jahren.<\\\/p>\",\"css\":\".el-element {\\nfont-size:20px;\\n}\",\"margin\":\"default\",\"text_align\":\"center\"}}]}]}]},{\"type\":\"section\",\"props\":{\"css\":\".el-section {\\nbackground:#87C7A5;\\n}\",\"image_position\":\"center-center\",\"padding\":\"large\",\"style\":\"muted\",\"title_breakpoint\":\"xl\",\"title_position\":\"top-left\",\"title_rotation\":\"left\",\"vertical_align\":\"middle\",\"width\":\"default\"},\"children\":[{\"type\":\"row\",\"children\":[{\"type\":\"column\",\"props\":{\"image_position\":\"center-center\",\"position_sticky_breakpoint\":\"m\",\"vertical_align\":\"middle\"},\"children\":[{\"type\":\"headline\",\"props\":{\"content\":\"ISO-zertifizierte Sprachdienstleistungen im \\u00dcbersetzungsb\\u00fcro Genf \\u2013 Schnell, effektiv, gut\",\"css\":\".el-element {\\ntext-transform:uppercase;\\n    font-size:32px;\\n}\",\"margin_remove_top\":true,\"text_align\":\"center\",\"title_element\":\"h2\"}}]}]},{\"type\":\"row\",\"children\":[{\"type\":\"column\",\"props\":{\"image_position\":\"center-center\",\"position_sticky_breakpoint\":\"m\"},\"children\":[{\"type\":\"text\",\"props\":{\"column_breakpoint\":\"m\",\"content\":\"\n\n<p>Bei uns findest du interne \\u00dcbersetzerinnen, Lektoren, Texterinnen und Sprachtechnologen, die auch bei engen Deadlines oder grossem Volumen immer f\\u00fcr dich da sind.<\\\/p>\\n\n\n<p>Wir stellen sicher, dass du in genau deiner gew\\u00fcnschten Sprache und f\\u00fcr deinen Fachtext beste Resultate erh\\u00e4ltst. Schnell, effektiv und hochwertig! Nicht zuletzt durch unsere <a href=\\\"\\\/trust-center\\\/\\\" target=\\\"_blank\\\" style=\\\"text-decoration: underline;\\\" rel=\\\"noopener\\\">Zertifizierungen<\\\/a> nach ISO 17100, ISO 18587, ISO 27001 und ISO 9001 setzen wir bei jedem Auftrag hohe Massst\\u00e4be an uns selbst \\u2013 sei es f\\u00fcr die \\u00dcbersetzung eures Gesch\\u00e4ftsberichts, eine beglaubigte \\u00dcbersetzung, eine gut getextete Marketingbrosch\\u00fcre, Audio-Video-Lokalisierung oder vieles mehr.<\\\/p>\\n\n\n<p>Probiere uns bei deinem n\\u00e4chsten Projekt einfach mal aus!<\\\/p>\",\"css\":\".el-element {\\nfont-size:20px !important;\\n}\\n\\n.el-element h3 {\\nfont-size:25px !important;\\n}\",\"margin\":\"default\"}}]}]}],\"name\":\"K01_Kasten gr\\u00fcn einspaltig\"},{\"type\":\"section\",\"props\":{\"image_position\":\"center-center\",\"style\":\"secondary\",\"title_breakpoint\":\"xl\",\"title_position\":\"top-left\",\"title_rotation\":\"left\",\"vertical_align\":\"middle\",\"width\":\"default\"},\"children\":[{\"type\":\"row\",\"children\":[{\"type\":\"column\",\"props\":{\"image_position\":\"center-center\",\"position_sticky_breakpoint\":\"m\",\"width_medium\":\"3-5\"},\"children\":[{\"type\":\"headline\",\"props\":{\"content\":\"Experte\",\"css\":\".el-element {\\ntext-transform:uppercase;\\n    font-size:20px;\\n    font-weight:400;\\n}\",\"title_color\":\"primary\",\"title_element\":\"h2\"}},{\"type\":\"headline\",\"props\":{\"content\":\"\\u00dcbersetzungen in Genf gesucht? Wir sind f\\u00fcr dich da!\",\"css\":\".el-element {\\ntext-transform:uppercase;\\n    font-size:32px;\\n}\",\"margin_remove_top\":true,\"title_element\":\"h3\"}},{\"type\":\"text\",\"props\":{\"column_breakpoint\":\"m\",\"content\":\"\n\n<p>Hast du Fragen zu deinem n\\u00e4chsten \\u00dcbersetzungsprojekt? Adrian Haefelin, CEO, ber\\u00e4t dich gerne und unterst\\u00fctzt dich dabei, deine Sprachprozesse und Ergebnisse zu optimieren.<\\\/p>\\n\n\n<p><a href=\\\"mailto:beratung@diction.ch\\\">beratung@diction.ch<\\\/a><br \\\/>+41 81 750 53 33<\\\/p>\",\"css\":\".el-element {\\nfont-size:20px !important;\\n}\\n\\n.el-element h3 {\\nfont-size:25px !important;\\n}\",\"margin\":\"default\"}}]},{\"type\":\"column\",\"props\":{\"image_position\":\"center-center\",\"position_sticky_breakpoint\":\"m\",\"width_medium\":\"2-5\"},\"children\":[{\"type\":\"image\",\"props\":{\"image\":\"wp-content\\\/uploads\\\/2025\\\/12\\\/00_diction_Adrian-Haefelin.jpg\",\"image_svg_color\":\"emphasis\",\"margin\":\"default\"}}]}],\"props\":{\"layout\":\"3-5,2-5\"}}],\"name\":\"K01_Kasten lila Experte\"},{\"type\":\"section\",\"props\":{\"css\":\".el-section {\\nbackground:#87C7A5;\\n}\",\"image_position\":\"center-center\",\"padding\":\"large\",\"style\":\"default\",\"title_breakpoint\":\"xl\",\"title_position\":\"top-left\",\"title_rotation\":\"left\",\"vertical_align\":\"middle\",\"width\":\"default\"},\"children\":[{\"type\":\"row\",\"children\":[{\"type\":\"column\",\"props\":{\"image_position\":\"center-center\",\"position_sticky_breakpoint\":\"m\",\"vertical_align\":\"middle\"},\"children\":[{\"type\":\"headline\",\"props\":{\"content\":\"\\u00dcbersetzungsb\\u00fcro Genf: Dein Fachgebiet, deine Textsorte\",\"css\":\".el-element {\\n    font-size:32px;\\n}\",\"margin_remove_top\":true,\"text_align\":\"center\",\"title_element\":\"h2\"}}]}]},{\"type\":\"row\",\"children\":[{\"type\":\"column\",\"props\":{\"image_position\":\"center-center\",\"position_sticky_breakpoint\":\"m\"},\"children\":[{\"type\":\"text\",\"props\":{\"column_breakpoint\":\"m\",\"content\":\"\n\n<p>Nutze das fachliche Know-how unserer Expert:innen. Ob Lektorat, \\u00dcbersetzung, Texten (auch in einfacher Sprache), Post-Editing und mehr \\u2013 wir sind in genau deiner Branche, in deinem Fachgebiet und in jeder sprachlichen Region unterwegs. So deckt unsere \\u00dcbersetzungsagentur Genf sowie alle anderen Schweizer Orte ab.<\\\/p>\",\"css\":\".el-element {\\nfont-size:20px !important;\\n}\\n\\n.el-element h3 {\\nfont-size:25px !important;\\n}\",\"margin\":\"default\"}}]}]},{\"type\":\"row\",\"children\":[{\"type\":\"column\",\"props\":{\"image_position\":\"center-center\",\"position_sticky_breakpoint\":\"m\"},\"children\":[{\"type\":\"grid\",\"props\":{\"content_column_breakpoint\":\"m\",\"filter_align\":\"left\",\"filter_all\":true,\"filter_grid_breakpoint\":\"m\",\"filter_grid_width\":\"auto\",\"filter_position\":\"top\",\"filter_style\":\"tab\",\"grid_default\":\"1\",\"grid_medium\":\"4\",\"grid_small\":\"2\",\"icon_width\":80,\"image_align\":\"top\",\"image_grid_breakpoint\":\"m\",\"image_grid_width\":\"1-2\",\"image_svg_color\":\"emphasis\",\"item_animation\":true,\"lightbox_bg_close\":true,\"link_style\":\"default\",\"link_text\":\"Read more\",\"margin\":\"default\",\"meta_align\":\"below-title\",\"meta_element\":\"div\",\"meta_style\":\"text-meta\",\"show_content\":true,\"show_hover_image\":true,\"show_hover_video\":true,\"show_image\":true,\"show_link\":true,\"show_meta\":true,\"show_title\":true,\"show_video\":true,\"title_align\":\"top\",\"title_element\":\"h3\",\"title_grid_breakpoint\":\"m\",\"title_grid_width\":\"1-2\",\"title_hover_style\":\"reset\"},\"children\":[{\"type\":\"grid_item\",\"props\":{\"content\":\"\n\n<p>Lektorat und \\u00dcbersetzung Gesch\\u00e4ftsbericht, auf Wunsch auch mit Tools wie ns.publish.<\\\/p>\",\"title\":\"Corporate Reporting\"}},{\"type\":\"grid_item\",\"props\":{\"content\":\"\n\n<p>Handb\\u00fccher, Reglemente, Weisungen (inklusive QI-, FATCA- und AIA-Themen) und mehr.<\\\/p>\",\"title\":\"Compliance-Dokumente\"}},{\"type\":\"grid_item\",\"props\":{\"content\":\"\n\n<p>ISO-zertifizierte Korrektur und Optimierung von mit KI \\u00fcbersetzen Texten durch unsere Profis.<\\\/p>\",\"title\":\"Post-Editing\"}},{\"type\":\"grid_item\",\"props\":{\"content\":\"\n\n<p>Vereinfachung von Texten auf B1-Niveau; wir sind Mitglied der Plain Language Association.<\\\/p>\",\"title\":\"Einfache Sprache\"}},{\"type\":\"grid_item\",\"props\":{\"content\":\"\n\n<p>Brosch\\u00fcren, Kataloge, Websites, PR f\\u00fcr die Uhren- und Luxusindustrie; auf Wunsch mit Layout.<\\\/p>\",\"title\":\"Uhrenindustrie und Luxusg\\u00fcter\"}},{\"type\":\"grid_item\",\"props\":{\"content\":\"\n\n<p>\\u00dcbersetzung und Lektorat von Lehrpl\\u00e4nen, Pr\\u00fcfungsfragen, Qualifikationsprofilen und mehr.<\\\/p>\",\"title\":\"Bildungswesen\"}}]}]}]}],\"name\":\"K01_Kasten gr\\u00fcn 4 Gl\\u00fchbirnen\"},{\"type\":\"section\",\"props\":{\"image_position\":\"center-center\",\"padding\":\"large\",\"style\":\"default\",\"title_breakpoint\":\"xl\",\"title_position\":\"top-left\",\"title_rotation\":\"left\",\"vertical_align\":\"middle\",\"width\":\"default\"},\"children\":[{\"type\":\"row\",\"children\":[{\"type\":\"column\",\"props\":{\"image_position\":\"center-center\",\"position_sticky_breakpoint\":\"m\",\"vertical_align\":\"middle\"},\"children\":[{\"type\":\"headline\",\"props\":{\"content\":\"Welche Technologien und L\\u00f6sungen passen zu deinem Unternehmen?\",\"css\":\".el-element {\\n    font-size:32px;\\n}\",\"margin_remove_top\":true,\"text_align\":\"center\",\"title_element\":\"h2\"}}]}]},{\"type\":\"row\",\"children\":[{\"type\":\"column\",\"props\":{\"image_position\":\"center-center\",\"position_sticky_breakpoint\":\"m\"},\"children\":[{\"type\":\"text\",\"props\":{\"column_breakpoint\":\"m\",\"content\":\"\n\n<p>Diction ist ber\\u00fchmt-ber\\u00fcchtigt f\\u00fcr penible \\u00dcbersetzungen und schnellen Service. Zudem halten wir aktuelle L\\u00f6sungen, Technologien sowie effektives Qualit\\u00e4tsmanagement f\\u00fcr dich bereit. Alle Prozesse und Abl\\u00e4ufe sind bei uns effektiv geregelt und transparent dokumentiert.<\\\/p>\\n\n\n<h3>Diction-AI f\\u00fcr schnelle, gute KI-\\u00dcbersetzungen<\\\/h3>\\n\n\n<p>Wenn du dich f\\u00fcr KI-Einbindung interessierst, schau dir mal unsere <a href=\\\"\\\/so-arbeiten-wir\\\/plan\\\/terminologie\\\/\\\" target=\\\"_blank\\\" style=\\\"text-decoration: underline;\\\" rel=\\\"noopener\\\">Diction-AI<\\\/a> genauer an. Dieses \\u00dcbersetzungstool trainieren wir auf eure Corporate Language und euren Fachwortschatz. Durch Selbstbedienung und API-Integration sparst du Zeit und Aufwand. Und auf Wunsch bekommst du mit einem simplen Mausklick noch ein Post-Editing dazu. Denn neben AI hat unser \\u00dcbersetzungsb\\u00fcro f\\u00fcr Genf nat\\u00fcrlich auch menschliche Sprachprofis an Bord. Das Sicherheitsplus: Deine Information werden absolut datensicher in der Schweiz verwaltet \\u2013 anders als bei den \\u00fcblichen generischen Blackbox-L\\u00f6sungen. <\\\/p>\\n\n\n<p>Lass dir Diction-AI ganz unverbindlich uns kostenlos zeigen, wir freuen uns auf dich!<\\\/p>\",\"css\":\".el-element {\\nfont-size:20px !important;\\n}\\n\\n.el-element h3 {\\nfont-size:25px !important;\\n}\",\"margin\":\"default\"}}]}]}],\"name\":\"K01_Kasten weiss einspaltig mit \\u00dcberschriften\"}],\"version\":\"4.5.33\"} --><\/p>\n","protected":false},"excerpt":{"rendered":"<p>Plan. Create. Automate. \u00dcbersetzungen (mit oder ohne AI) gesucht? Verlass dich auf unser \u00dcbersetzungsb\u00fcro Genf Diction ist ein international agierender Schweizer Sprachdienstleister. Mit Automatisierungsl\u00f6sungen wie KI-\u00dcbersetzung, Auftragsportal, Connector, Terminologie-Tool und mehr bedient unsere \u00dcbersetzungsagentur Genf und viele andere Schweizer Regionen seit \u00fcber 20 Jahren. ISO-zertifizierte Sprachdienstleistungen im \u00dcbersetzungsb\u00fcro Genf \u2013 Schnell, effektiv, gut Bei uns [&hellip;]<\/p>\n","protected":false},"author":2,"featured_media":0,"parent":0,"menu_order":0,"comment_status":"closed","ping_status":"closed","template":"","meta":{"footnotes":""},"class_list":["post-1867","page","type-page","status-publish","hentry"],"yoast_head":"<!-- This site is optimized with the Yoast SEO plugin v27.5 - https:\/\/yoast.com\/product\/yoast-seo-wordpress\/ -->\n<title>\u00dcbersetzungsagentur Genf I Diction AG \u2013 \u00dcbersetzungen<\/title>\n<meta name=\"description\" content=\"\u00dcbersetzungsagentur Genf \u2714 Diction ist eine f\u00fchrendes Lektorats- und \u00dcbersetzungsb\u00fcro und 24\/7 f\u00fcr Sie da. \u2714 Kontaktieren Sie uns!\" \/>\n<meta name=\"robots\" content=\"index, follow, max-snippet:-1, max-image-preview:large, max-video-preview:-1\" \/>\n<link rel=\"canonical\" href=\"http:\/\/Plan.%20Create.%20Automate.%20\u00dcbersetzungen%20(mit%20oder%20ohne%20AI)%20gesucht?%20Verlass%20dich%20auf%20unser%20\u00dcbersetzungsb\u00fcro%20Genf%20Diction%20ist%20ein%20international%20agierender%20Schweizer%20Sprachdienstleister.%20Mit%20Automatisierungsl\u00f6sungen%20wie%20KI-\u00dcbersetzung,%20Auftragsportal,%20Connector,%20Terminologie-Tool%20und%20mehr%20bedient%20unsere%20\u00dcbersetzungsagentur%20Genf%20und%20viele%20andere%20Schweizer%20Regionen%20seit%20\u00fcber%2020%20Jahren.%20ISO-zertifizierte%20Sprachdienstleistungen%20im%20\u00dcbersetzungsb\u00fcro%20Genf%20\u2013%20Schnell,%20effektiv,%20gut%20Bei%20uns&hellip;\" \/>\n<meta property=\"og:locale\" content=\"en_US\" \/>\n<meta property=\"og:type\" content=\"article\" \/>\n<meta property=\"og:title\" content=\"\u00dcbersetzungsagentur Genf I Diction AG \u2013 \u00dcbersetzungen\" \/>\n<meta property=\"og:description\" content=\"\u00dcbersetzungsagentur Genf \u2714 Diction ist eine f\u00fchrendes Lektorats- und \u00dcbersetzungsb\u00fcro und 24\/7 f\u00fcr Sie da. \u2714 Kontaktieren Sie uns!\" \/>\n<meta property=\"og:url\" content=\"https:\/\/www.diction.ch\/en\/uebersetzungsagentur-genf\/\" \/>\n<meta property=\"og:site_name\" content=\"diction\" \/>\n<meta property=\"article:modified_time\" content=\"2026-02-20T15:00:34+00:00\" \/>\n<meta name=\"twitter:card\" content=\"summary_large_image\" \/>\n<meta name=\"twitter:label1\" content=\"Est. reading time\" \/>\n\t<meta name=\"twitter:data1\" content=\"3 minutes\" \/>\n<script type=\"application\/ld+json\" class=\"yoast-schema-graph\">{\"@context\":\"https:\\\/\\\/schema.org\",\"@graph\":[{\"@type\":\"WebPage\",\"@id\":\"https:\\\/\\\/www.diction.ch\\\/en\\\/uebersetzungsagentur-genf\\\/\",\"url\":\"https:\\\/\\\/www.diction.ch\\\/en\\\/uebersetzungsagentur-genf\\\/\",\"name\":\"\u00dcbersetzungsagentur Genf I Diction AG \u2013 \u00dcbersetzungen\",\"isPartOf\":{\"@id\":\"https:\\\/\\\/www.diction.ch\\\/#website\"},\"datePublished\":\"2025-12-05T10:03:34+00:00\",\"dateModified\":\"2026-02-20T15:00:34+00:00\",\"description\":\"\u00dcbersetzungsagentur Genf \u2714 Diction ist eine f\u00fchrendes Lektorats- und \u00dcbersetzungsb\u00fcro und 24\\\/7 f\u00fcr Sie da. \u2714 Kontaktieren Sie uns!\",\"breadcrumb\":{\"@id\":\"https:\\\/\\\/www.diction.ch\\\/en\\\/uebersetzungsagentur-genf\\\/#breadcrumb\"},\"inLanguage\":\"en-US\",\"potentialAction\":[{\"@type\":\"ReadAction\",\"target\":[\"https:\\\/\\\/www.diction.ch\\\/en\\\/uebersetzungsagentur-genf\\\/\"]}]},{\"@type\":\"BreadcrumbList\",\"@id\":\"https:\\\/\\\/www.diction.ch\\\/en\\\/uebersetzungsagentur-genf\\\/#breadcrumb\",\"itemListElement\":[{\"@type\":\"ListItem\",\"position\":1,\"name\":\"Home\",\"item\":\"https:\\\/\\\/www.diction.ch\\\/\"},{\"@type\":\"ListItem\",\"position\":2,\"name\":\"\u00dcbersetzungsagentur Genf\"}]},{\"@type\":\"WebSite\",\"@id\":\"https:\\\/\\\/www.diction.ch\\\/en\\\/#website\",\"url\":\"https:\\\/\\\/www.diction.ch\\\/en\\\/\",\"name\":\"diction\",\"description\":\"\",\"publisher\":{\"@id\":\"https:\\\/\\\/www.diction.ch\\\/en\\\/#organization\"},\"potentialAction\":[{\"@type\":\"SearchAction\",\"target\":{\"@type\":\"EntryPoint\",\"urlTemplate\":\"https:\\\/\\\/www.diction.ch\\\/en\\\/?s={search_term_string}\"},\"query-input\":{\"@type\":\"PropertyValueSpecification\",\"valueRequired\":true,\"valueName\":\"search_term_string\"}}],\"inLanguage\":\"en-US\"},{\"@type\":\"Organization\",\"@id\":\"https:\\\/\\\/www.diction.ch\\\/en\\\/#organization\",\"name\":\"diction\",\"url\":\"https:\\\/\\\/www.diction.ch\\\/en\\\/\",\"logo\":{\"@type\":\"ImageObject\",\"inLanguage\":\"en-US\",\"@id\":\"https:\\\/\\\/www.diction.ch\\\/en\\\/#\\\/schema\\\/logo\\\/image\\\/\",\"url\":\"https:\\\/\\\/great-villani.92-205-165-115.plesk.page\\\/wp-content\\\/uploads\\\/2025\\\/07\\\/diction_Logo.jpg\",\"contentUrl\":\"https:\\\/\\\/great-villani.92-205-165-115.plesk.page\\\/wp-content\\\/uploads\\\/2025\\\/07\\\/diction_Logo.jpg\",\"width\":750,\"height\":392,\"caption\":\"diction\"},\"image\":{\"@id\":\"https:\\\/\\\/www.diction.ch\\\/en\\\/#\\\/schema\\\/logo\\\/image\\\/\"}}]}<\/script>\n<!-- \/ Yoast SEO plugin. -->","yoast_head_json":{"title":"\u00dcbersetzungsagentur Genf I Diction AG \u2013 \u00dcbersetzungen","description":"\u00dcbersetzungsagentur Genf \u2714 Diction ist eine f\u00fchrendes Lektorats- und \u00dcbersetzungsb\u00fcro und 24\/7 f\u00fcr Sie da. \u2714 Kontaktieren Sie uns!","robots":{"index":"index","follow":"follow","max-snippet":"max-snippet:-1","max-image-preview":"max-image-preview:large","max-video-preview":"max-video-preview:-1"},"canonical":"Plan. Create. Automate. \u00dcbersetzungen (mit oder ohne AI) gesucht? Verlass dich auf unser \u00dcbersetzungsb\u00fcro Genf Diction ist ein international agierender Schweizer Sprachdienstleister. Mit Automatisierungsl\u00f6sungen wie KI-\u00dcbersetzung, Auftragsportal, Connector, Terminologie-Tool und mehr bedient unsere \u00dcbersetzungsagentur Genf und viele andere Schweizer Regionen seit \u00fcber 20 Jahren. ISO-zertifizierte Sprachdienstleistungen im \u00dcbersetzungsb\u00fcro Genf \u2013 Schnell, effektiv, gut Bei uns&hellip;","og_locale":"en_US","og_type":"article","og_title":"\u00dcbersetzungsagentur Genf I Diction AG \u2013 \u00dcbersetzungen","og_description":"\u00dcbersetzungsagentur Genf \u2714 Diction ist eine f\u00fchrendes Lektorats- und \u00dcbersetzungsb\u00fcro und 24\/7 f\u00fcr Sie da. \u2714 Kontaktieren Sie uns!","og_url":"https:\/\/www.diction.ch\/en\/uebersetzungsagentur-genf\/","og_site_name":"diction","article_modified_time":"2026-02-20T15:00:34+00:00","twitter_card":"summary_large_image","twitter_misc":{"Est. reading time":"3 minutes"},"schema":{"@context":"https:\/\/schema.org","@graph":[{"@type":"WebPage","@id":"https:\/\/www.diction.ch\/en\/uebersetzungsagentur-genf\/","url":"https:\/\/www.diction.ch\/en\/uebersetzungsagentur-genf\/","name":"\u00dcbersetzungsagentur Genf I Diction AG \u2013 \u00dcbersetzungen","isPartOf":{"@id":"https:\/\/www.diction.ch\/#website"},"datePublished":"2025-12-05T10:03:34+00:00","dateModified":"2026-02-20T15:00:34+00:00","description":"\u00dcbersetzungsagentur Genf \u2714 Diction ist eine f\u00fchrendes Lektorats- und \u00dcbersetzungsb\u00fcro und 24\/7 f\u00fcr Sie da. \u2714 Kontaktieren Sie uns!","breadcrumb":{"@id":"https:\/\/www.diction.ch\/en\/uebersetzungsagentur-genf\/#breadcrumb"},"inLanguage":"en-US","potentialAction":[{"@type":"ReadAction","target":["https:\/\/www.diction.ch\/en\/uebersetzungsagentur-genf\/"]}]},{"@type":"BreadcrumbList","@id":"https:\/\/www.diction.ch\/en\/uebersetzungsagentur-genf\/#breadcrumb","itemListElement":[{"@type":"ListItem","position":1,"name":"Home","item":"https:\/\/www.diction.ch\/"},{"@type":"ListItem","position":2,"name":"\u00dcbersetzungsagentur Genf"}]},{"@type":"WebSite","@id":"https:\/\/www.diction.ch\/en\/#website","url":"https:\/\/www.diction.ch\/en\/","name":"diction","description":"","publisher":{"@id":"https:\/\/www.diction.ch\/en\/#organization"},"potentialAction":[{"@type":"SearchAction","target":{"@type":"EntryPoint","urlTemplate":"https:\/\/www.diction.ch\/en\/?s={search_term_string}"},"query-input":{"@type":"PropertyValueSpecification","valueRequired":true,"valueName":"search_term_string"}}],"inLanguage":"en-US"},{"@type":"Organization","@id":"https:\/\/www.diction.ch\/en\/#organization","name":"diction","url":"https:\/\/www.diction.ch\/en\/","logo":{"@type":"ImageObject","inLanguage":"en-US","@id":"https:\/\/www.diction.ch\/en\/#\/schema\/logo\/image\/","url":"https:\/\/great-villani.92-205-165-115.plesk.page\/wp-content\/uploads\/2025\/07\/diction_Logo.jpg","contentUrl":"https:\/\/great-villani.92-205-165-115.plesk.page\/wp-content\/uploads\/2025\/07\/diction_Logo.jpg","width":750,"height":392,"caption":"diction"},"image":{"@id":"https:\/\/www.diction.ch\/en\/#\/schema\/logo\/image\/"}}]}},"_links":{"self":[{"href":"https:\/\/www.diction.ch\/en\/wp-json\/wp\/v2\/pages\/1867","targetHints":{"allow":["GET"]}}],"collection":[{"href":"https:\/\/www.diction.ch\/en\/wp-json\/wp\/v2\/pages"}],"about":[{"href":"https:\/\/www.diction.ch\/en\/wp-json\/wp\/v2\/types\/page"}],"author":[{"embeddable":true,"href":"https:\/\/www.diction.ch\/en\/wp-json\/wp\/v2\/users\/2"}],"replies":[{"embeddable":true,"href":"https:\/\/www.diction.ch\/en\/wp-json\/wp\/v2\/comments?post=1867"}],"version-history":[{"count":21,"href":"https:\/\/www.diction.ch\/en\/wp-json\/wp\/v2\/pages\/1867\/revisions"}],"predecessor-version":[{"id":3098,"href":"https:\/\/www.diction.ch\/en\/wp-json\/wp\/v2\/pages\/1867\/revisions\/3098"}],"wp:attachment":[{"href":"https:\/\/www.diction.ch\/en\/wp-json\/wp\/v2\/media?parent=1867"}],"curies":[{"name":"wp","href":"https:\/\/api.w.org\/{rel}","templated":true}]}}